{"id":1334,"date":"2024-11-10T20:02:16","date_gmt":"2024-11-10T20:02:16","guid":{"rendered":"https:\/\/kor.hi.is\/?page_id=1334"},"modified":"2024-11-10T20:04:50","modified_gmt":"2024-11-10T20:04:50","slug":"contact-us","status":"publish","type":"page","link":"https:\/\/kor.hi.is\/?page_id=1334","title":{"rendered":"Contact us"},"content":{"rendered":"\n<p id=\"block-ca4b09eb-4957-4b02-bdf7-97e9ade221a2\">Vi\u00f0 viljum gjarnan heyra fr\u00e1 \u00fe\u00e9r! \u00de\u00fa getur haft samband vi\u00f0 okkur \u00ed t\u00f6lvup\u00f3sti e\u00f0a fylgst me\u00f0 okkur \u00e1 Facebook og Instagram fyrir fr\u00e9ttir og uppf\u00e6rslur. Vi\u00f0 erum einnig opin fyrir samstarfstill\u00f6gum, svo ekki hika vi\u00f0 a\u00f0 hafa samband me\u00f0 hugmyndir e\u00f0a verkefni!<\/p>\n\n\n\n<p id=\"block-a9a1226e-2893-4ad9-a284-5822e1776b6b\">&#8212;&#8212;&#8212;&#8212;&#8212;&#8212;&#8212;&#8212;&#8212;<\/p>\n\n\n\n<p>We&#8217;d love to hear from you! You can reach us by email or follow us on Facebook and Instagram for updates. We&#8217;re also open to requests for collaboration, so feel free to get in touch with any ideas or projects!<\/p>\n\n\n\n<p>Email: <a href=\"mailto:haskolakorinn@gmail.com\">haskolakorinn@gmail.com<\/a><br>Facebook: <a href=\"https:\/\/www.facebook.com\/haskolakorinn\">https:\/\/www.facebook.com\/haskolakorinn<\/a><br>Instagram: <a href=\"https:\/\/www.instagram.com\/haskolakorinn\/\">https:\/\/www.instagram.com\/haskolakorinn\/<\/a><\/p>\n","protected":false},"excerpt":{"rendered":"<p>Vi\u00f0 viljum gjarnan heyra fr\u00e1 \u00fe\u00e9r! \u00de\u00fa getur haft samband vi\u00f0 okkur \u00ed t\u00f6lvup\u00f3sti e\u00f0a fylgst me\u00f0 okkur \u00e1 Facebook og Instagram fyrir fr\u00e9ttir og uppf\u00e6rslur. Vi\u00f0 erum einnig opin fyrir samstarfstill\u00f6gum, svo ekki hika vi\u00f0 a\u00f0 hafa samband me\u00f0 hugmyndir e\u00f0a verkefni! &#8212;&#8212;&#8212;&#8212;&#8212;&#8212;&#8212;&#8212;&#8212; We&#8217;d love to hear from you! You can reach us by &hellip; <\/p>\n<p class=\"link-more\"><a href=\"https:\/\/kor.hi.is\/?page_id=1334\" class=\"more-link\">Lesa \u00e1fram<span class=\"screen-reader-text\"> &#8222;Contact us&#8220;<\/span><\/a><\/p>\n","protected":false},"author":84,"featured_media":0,"parent":0,"menu_order":0,"comment_status":"closed","ping_status":"closed","template":"","meta":{"footnotes":""},"_links":{"self":[{"href":"https:\/\/kor.hi.is\/index.php?rest_route=\/wp\/v2\/pages\/1334"}],"collection":[{"href":"https:\/\/kor.hi.is\/index.php?rest_route=\/wp\/v2\/pages"}],"about":[{"href":"https:\/\/kor.hi.is\/index.php?rest_route=\/wp\/v2\/types\/page"}],"author":[{"embeddable":true,"href":"https:\/\/kor.hi.is\/index.php?rest_route=\/wp\/v2\/users\/84"}],"replies":[{"embeddable":true,"href":"https:\/\/kor.hi.is\/index.php?rest_route=%2Fwp%2Fv2%2Fcomments&post=1334"}],"version-history":[{"count":2,"href":"https:\/\/kor.hi.is\/index.php?rest_route=\/wp\/v2\/pages\/1334\/revisions"}],"predecessor-version":[{"id":1337,"href":"https:\/\/kor.hi.is\/index.php?rest_route=\/wp\/v2\/pages\/1334\/revisions\/1337"}],"wp:attachment":[{"href":"https:\/\/kor.hi.is\/index.php?rest_route=%2Fwp%2Fv2%2Fmedia&parent=1334"}],"curies":[{"name":"wp","href":"https:\/\/api.w.org\/{rel}","templated":true}]}}