{"id":1296,"date":"2024-08-05T12:18:52","date_gmt":"2024-08-05T12:18:52","guid":{"rendered":"https:\/\/kor.hi.is\/?page_id=1296"},"modified":"2025-11-06T11:39:06","modified_gmt":"2025-11-06T11:39:06","slug":"nyleg-verk","status":"publish","type":"page","link":"https:\/\/kor.hi.is\/?page_id=1296","title":{"rendered":"N\u00fdleg verk"},"content":{"rendered":"\n<h2 class=\"wp-block-heading\">Uppt\u00f6kur<\/h2>\n\n\n\n<p>H\u00e1sk\u00f3lak\u00f3rinn er \u00e1 Spotify: <strong><a href=\"https:\/\/open.spotify.com\/artist\/5zwZP84wIpZ5RnmScCyFtj\" data-type=\"link\" data-id=\"https:\/\/open.spotify.com\/artist\/5zwZP84wIpZ5RnmScCyFtj\">Spotify Profile<\/a><\/strong> <br>H\u00e1sk\u00f3lak\u00f3rinn er \u00e1 Youtube: <strong><a href=\"https:\/\/www.youtube.com\/channel\/UCENWgG0xSvZ_7sF-IPdOa0w\" data-type=\"link\" data-id=\"https:\/\/www.youtube.com\/channel\/UCENWgG0xSvZ_7sF-IPdOa0w\">Youtube Page<\/a><\/strong><\/p>\n\n\n\n<p>N\u00fdja platan okkar &#8222;Hrafnar&#8220;. <a href=\"https:\/\/open.spotify.com\/album\/0c16nNAz1SpyOS6VIFo6gn?si=JDRLBYrRQQKWZ6Wimag_FA\">Opna\u00f0u \u00ed Spotify<\/a> e\u00f0a f\u00e1\u00f0u <a href=\"https:\/\/kor.hi.is\/?page_id=1222\" data-type=\"page\" data-id=\"1222\">b\u00e6klinginn<\/a>.<\/p>\n\n\n\n<figure class=\"wp-block-image size-full is-resized\"><img loading=\"lazy\" decoding=\"async\" width=\"1011\" height=\"1013\" src=\"https:\/\/kor.hi.is\/wp-content\/uploads\/2024\/07\/IMG_0617.jpg\" alt=\"\" class=\"wp-image-1262\" style=\"width:284px;height:auto\" srcset=\"https:\/\/kor.hi.is\/wp-content\/uploads\/2024\/07\/IMG_0617.jpg 1011w, https:\/\/kor.hi.is\/wp-content\/uploads\/2024\/07\/IMG_0617-300x300.jpg 300w, https:\/\/kor.hi.is\/wp-content\/uploads\/2024\/07\/IMG_0617-150x150.jpg 150w, https:\/\/kor.hi.is\/wp-content\/uploads\/2024\/07\/IMG_0617-768x770.jpg 768w, https:\/\/kor.hi.is\/wp-content\/uploads\/2024\/07\/IMG_0617-100x100.jpg 100w\" sizes=\"auto, (max-width: 767px) 89vw, (max-width: 1000px) 54vw, (max-width: 1071px) 543px, 580px\" \/><\/figure>\n\n\n\n<h1 class=\"wp-block-heading\">Samstarfsverkefni<\/h1>\n\n\n\n<h2 class=\"wp-block-heading\">ZveN og H\u00e1sk\u00f3lak\u00f3rinn: Divine Forces<\/h2>\n\n\n\n<figure class=\"wp-block-embed is-type-video is-provider-youtube wp-block-embed-youtube wp-embed-aspect-16-9 wp-has-aspect-ratio\"><div class=\"wp-block-embed__wrapper\">\n<iframe loading=\"lazy\" title=\"DIVINE FORCES ~ ZveN, feat: H\u00e1sk\u00f3lak\u00f3rinn \/ University Choir of Iceland\" width=\"525\" height=\"295\" src=\"https:\/\/www.youtube.com\/embed\/tsyqrppaTmw?feature=oembed\" frameborder=\"0\" allow=\"accelerometer; autoplay; clipboard-write; encrypted-media; gyroscope; picture-in-picture; web-share\" referrerpolicy=\"strict-origin-when-cross-origin\" allowfullscreen><\/iframe>\n<\/div><\/figure>\n\n\n\n<h2 class=\"wp-block-heading\">Ungf\u00f3n\u00eda og H\u00e1sk\u00f3lak\u00f3rinn: Gloria<\/h2>\n\n\n\n<figure class=\"wp-block-image size-large is-resized\"><a href=\"https:\/\/kor.hi.is\/wp-content\/uploads\/2024\/11\/poster-horizontal.png\"><img loading=\"lazy\" decoding=\"async\" width=\"1024\" height=\"576\" src=\"https:\/\/kor.hi.is\/wp-content\/uploads\/2024\/11\/poster-horizontal-1024x576.png\" alt=\"\" class=\"wp-image-1327\" style=\"width:502px;height:auto\" srcset=\"https:\/\/kor.hi.is\/wp-content\/uploads\/2024\/11\/poster-horizontal-1024x576.png 1024w, https:\/\/kor.hi.is\/wp-content\/uploads\/2024\/11\/poster-horizontal-300x169.png 300w, https:\/\/kor.hi.is\/wp-content\/uploads\/2024\/11\/poster-horizontal-768x432.png 768w, https:\/\/kor.hi.is\/wp-content\/uploads\/2024\/11\/poster-horizontal-1536x864.png 1536w, https:\/\/kor.hi.is\/wp-content\/uploads\/2024\/11\/poster-horizontal.png 1920w\" sizes=\"auto, (max-width: 767px) 89vw, (max-width: 1000px) 54vw, (max-width: 1071px) 543px, 580px\" \/><\/a><\/figure>\n\n\n\n<div class=\"wp-block-columns is-layout-flex wp-container-core-columns-is-layout-9d6595d7 wp-block-columns-is-layout-flex\">\n<div class=\"wp-block-column is-layout-flow wp-block-column-is-layout-flow\">\n<div data-wp-interactive=\"core\/file\" class=\"wp-block-file\"><object data-wp-bind--hidden=\"!state.hasPdfPreview\" hidden class=\"wp-block-file__embed\" data=\"https:\/\/kor.hi.is\/wp-content\/uploads\/2024\/11\/Gloria-Concert-Booklet-1.pdf\" type=\"application\/pdf\" style=\"width:100%;height:350px\" aria-label=\"Embed of Gloria-Concert-Booklet.\"><\/object><a id=\"wp-block-file--media-1f63780e-5509-4b6a-91e9-4301160bf078\" href=\"https:\/\/kor.hi.is\/wp-content\/uploads\/2024\/11\/Gloria-Concert-Booklet-1.pdf\">Gloria-Concert-Booklet<\/a><a href=\"https:\/\/kor.hi.is\/wp-content\/uploads\/2024\/11\/Gloria-Concert-Booklet-1.pdf\" class=\"wp-block-file__button wp-element-button\" download aria-describedby=\"wp-block-file--media-1f63780e-5509-4b6a-91e9-4301160bf078\">Download<\/a><\/div>\n<\/div>\n\n\n\n<div class=\"wp-block-column is-layout-flow wp-block-column-is-layout-flow\"><\/div>\n<\/div>\n\n\n\n<h2 class=\"wp-block-heading\">DAGADANA \u00e1 Listah\u00e1t\u00ed\u00f0 \u00ed Reykjav\u00edk<\/h2>\n\n\n\n<p>Vi\u00f0 studdum p\u00f3lsk-\u00fakra\u00ednska d\u00faettinn DAGADANA, sem er \u00feekktur fyrir a\u00f0 setja n\u00fat\u00edmalegt \u00edvafi \u00e1 hef\u00f0bundna slavneska t\u00f3nlist. Vi\u00f0 sungum l\u00f6g \u00e1 p\u00f3lsku, auk DAGDANA\u2019s n\u00fat\u00edma \u00fatg\u00e1fa af Krummi svaf \u00ed klettagj\u00e1!<\/p>\n\n\n\n<p><a href=\"https:\/\/www.ruv.is\/utvarp\/spila\/listahatid-2024\/36774\/aumh31?fbclid=IwY2xjawEdnQVleHRuA2FlbQIxMQABHZ0QIhWTA_N0-tRbX_aQNp69de2-jE5JLoOMRpr6VnLsxlfTD3111S624Q_aem_bO9tNNK_zsbTJo4bYQQ2QQ\" data-type=\"link\" data-id=\"https:\/\/www.ruv.is\/utvarp\/spila\/listahatid-2024\/36774\/aumh31?fbclid=IwY2xjawEdnQVleHRuA2FlbQIxMQABHZ0QIhWTA_N0-tRbX_aQNp69de2-jE5JLoOMRpr6VnLsxlfTD3111S624Q_aem_bO9tNNK_zsbTJo4bYQQ2QQ\">Link to Audio Recording<\/a><\/p>\n\n\n\n<figure class=\"wp-block-gallery has-nested-images columns-default is-cropped wp-block-gallery-1 is-layout-flex wp-block-gallery-is-layout-flex\">\n<figure class=\"wp-block-image size-large\"><a href=\"https:\/\/kor.hi.is\/wp-content\/uploads\/2024\/07\/447292348_1179097280143275_2642508028953692967_n.jpg\"><img loading=\"lazy\" decoding=\"async\" width=\"1024\" height=\"683\" data-id=\"1268\" src=\"https:\/\/kor.hi.is\/wp-content\/uploads\/2024\/07\/447292348_1179097280143275_2642508028953692967_n-1024x683.jpg\" alt=\"\" class=\"wp-image-1268\" srcset=\"https:\/\/kor.hi.is\/wp-content\/uploads\/2024\/07\/447292348_1179097280143275_2642508028953692967_n-1024x683.jpg 1024w, https:\/\/kor.hi.is\/wp-content\/uploads\/2024\/07\/447292348_1179097280143275_2642508028953692967_n-300x200.jpg 300w, https:\/\/kor.hi.is\/wp-content\/uploads\/2024\/07\/447292348_1179097280143275_2642508028953692967_n-768x512.jpg 768w, https:\/\/kor.hi.is\/wp-content\/uploads\/2024\/07\/447292348_1179097280143275_2642508028953692967_n-1536x1024.jpg 1536w, https:\/\/kor.hi.is\/wp-content\/uploads\/2024\/07\/447292348_1179097280143275_2642508028953692967_n.jpg 2048w\" sizes=\"auto, (max-width: 767px) 89vw, (max-width: 1000px) 54vw, (max-width: 1071px) 543px, 580px\" \/><\/a><\/figure>\n\n\n\n<figure class=\"wp-block-image size-large\"><a href=\"https:\/\/kor.hi.is\/wp-content\/uploads\/2024\/08\/IMG_2927.jpg\"><img loading=\"lazy\" decoding=\"async\" width=\"1024\" height=\"758\" data-id=\"1297\" src=\"https:\/\/kor.hi.is\/wp-content\/uploads\/2024\/08\/IMG_2927-1024x758.jpg\" alt=\"\" class=\"wp-image-1297\" srcset=\"https:\/\/kor.hi.is\/wp-content\/uploads\/2024\/08\/IMG_2927-1024x758.jpg 1024w, https:\/\/kor.hi.is\/wp-content\/uploads\/2024\/08\/IMG_2927-300x222.jpg 300w, https:\/\/kor.hi.is\/wp-content\/uploads\/2024\/08\/IMG_2927-768x569.jpg 768w, https:\/\/kor.hi.is\/wp-content\/uploads\/2024\/08\/IMG_2927.jpg 1179w\" sizes=\"auto, (max-width: 767px) 89vw, (max-width: 1000px) 54vw, (max-width: 1071px) 543px, 580px\" \/><\/a><\/figure>\n\n\n\n<figure class=\"wp-block-image size-large\"><a href=\"https:\/\/kor.hi.is\/wp-content\/uploads\/2024\/08\/447257632_1179097226809947_5243067386413356407_n.jpg\"><img loading=\"lazy\" decoding=\"async\" width=\"1024\" height=\"683\" data-id=\"1302\" src=\"https:\/\/kor.hi.is\/wp-content\/uploads\/2024\/08\/447257632_1179097226809947_5243067386413356407_n-1024x683.jpg\" alt=\"\" class=\"wp-image-1302\" srcset=\"https:\/\/kor.hi.is\/wp-content\/uploads\/2024\/08\/447257632_1179097226809947_5243067386413356407_n-1024x683.jpg 1024w, https:\/\/kor.hi.is\/wp-content\/uploads\/2024\/08\/447257632_1179097226809947_5243067386413356407_n-300x200.jpg 300w, https:\/\/kor.hi.is\/wp-content\/uploads\/2024\/08\/447257632_1179097226809947_5243067386413356407_n-768x512.jpg 768w, https:\/\/kor.hi.is\/wp-content\/uploads\/2024\/08\/447257632_1179097226809947_5243067386413356407_n-1536x1024.jpg 1536w, https:\/\/kor.hi.is\/wp-content\/uploads\/2024\/08\/447257632_1179097226809947_5243067386413356407_n.jpg 2048w\" sizes=\"auto, (max-width: 767px) 89vw, (max-width: 1000px) 54vw, (max-width: 1071px) 543px, 580px\" \/><\/a><\/figure>\n<\/figure>\n\n\n\n<h2 class=\"wp-block-heading\">Sinf\u00f3n\u00eduhlj\u00f3msveit \u00cdslands: Carmina Burana eftir Karl Orff<\/h2>\n\n\n\n<p>\u00dear var heimsfr\u00e6ga verki\u00f0 Carmina Burana eftir Karl Orff flutt fyrir fullan Eldborgarsal.<\/p>\n\n\n\n<figure class=\"wp-block-gallery has-nested-images columns-default is-cropped wp-block-gallery-2 is-layout-flex wp-block-gallery-is-layout-flex\">\n<figure class=\"wp-block-image size-large\"><a href=\"https:\/\/kor.hi.is\/wp-content\/uploads\/2024\/08\/IMG_0618.jpg\"><img loading=\"lazy\" decoding=\"async\" width=\"1024\" height=\"1024\" data-id=\"1298\" src=\"https:\/\/kor.hi.is\/wp-content\/uploads\/2024\/08\/IMG_0618-1024x1024.jpg\" alt=\"\" class=\"wp-image-1298\" srcset=\"https:\/\/kor.hi.is\/wp-content\/uploads\/2024\/08\/IMG_0618-1024x1024.jpg 1024w, https:\/\/kor.hi.is\/wp-content\/uploads\/2024\/08\/IMG_0618-300x300.jpg 300w, https:\/\/kor.hi.is\/wp-content\/uploads\/2024\/08\/IMG_0618-150x150.jpg 150w, https:\/\/kor.hi.is\/wp-content\/uploads\/2024\/08\/IMG_0618-768x768.jpg 768w, https:\/\/kor.hi.is\/wp-content\/uploads\/2024\/08\/IMG_0618-100x100.jpg 100w, https:\/\/kor.hi.is\/wp-content\/uploads\/2024\/08\/IMG_0618.jpg 1179w\" sizes=\"auto, (max-width: 767px) 89vw, (max-width: 1000px) 54vw, (max-width: 1071px) 543px, 580px\" \/><\/a><\/figure>\n\n\n\n<figure class=\"wp-block-image size-large\"><a href=\"https:\/\/kor.hi.is\/wp-content\/uploads\/2024\/08\/351773543_1217810935581608_4384486180664044208_n.jpg\"><img loading=\"lazy\" decoding=\"async\" width=\"1024\" height=\"900\" data-id=\"1299\" src=\"https:\/\/kor.hi.is\/wp-content\/uploads\/2024\/08\/351773543_1217810935581608_4384486180664044208_n-1024x900.jpg\" alt=\"\" class=\"wp-image-1299\" srcset=\"https:\/\/kor.hi.is\/wp-content\/uploads\/2024\/08\/351773543_1217810935581608_4384486180664044208_n-1024x900.jpg 1024w, https:\/\/kor.hi.is\/wp-content\/uploads\/2024\/08\/351773543_1217810935581608_4384486180664044208_n-300x264.jpg 300w, https:\/\/kor.hi.is\/wp-content\/uploads\/2024\/08\/351773543_1217810935581608_4384486180664044208_n-768x675.jpg 768w, https:\/\/kor.hi.is\/wp-content\/uploads\/2024\/08\/351773543_1217810935581608_4384486180664044208_n.jpg 1080w\" sizes=\"auto, (max-width: 767px) 89vw, (max-width: 1000px) 54vw, (max-width: 1071px) 543px, 580px\" \/><\/a><\/figure>\n<\/figure>\n\n\n\n<h2 class=\"wp-block-heading\">Ungf\u00f3nia og H\u00e1sk\u00f3lak\u00f3rinn: Messa \u00ed C d\u00far eftir Beethoven<\/h2>\n\n\n\n<p>K\u00f3rinn byrja\u00f0i \u00e1ri\u00f0 s\u00ed\u00f0asta haust \u00e1 st\u00f3rkostlegum t\u00f3nleikum me\u00f0 Sinf\u00f3n\u00eduhlj\u00f3msveit unga f\u00f3lksins \u00fear sem Messa \u00ed C-d\u00far eftir Beethoven var flutt.<\/p>\n\n\n\n<figure class=\"wp-block-embed is-type-video is-provider-youtube wp-block-embed-youtube wp-embed-aspect-16-9 wp-has-aspect-ratio\"><div class=\"wp-block-embed__wrapper\">\n<iframe loading=\"lazy\" title=\"H\u00e1sk\u00f3lak\u00f3rinn | Messa \u00ed C d\u00far\" width=\"525\" height=\"295\" src=\"https:\/\/www.youtube.com\/embed\/TW512zHiL6g?feature=oembed\" frameborder=\"0\" allow=\"accelerometer; autoplay; clipboard-write; encrypted-media; gyroscope; picture-in-picture; web-share\" referrerpolicy=\"strict-origin-when-cross-origin\" allowfullscreen><\/iframe>\n<\/div><\/figure>\n\n\n\n<p><\/p>\n\n\n\n<p>Hafi\u00f0 samband vi\u00f0 <strong>kor@hi.is<\/strong> ef \u00fei\u00f0 hafi\u00f0 \u00e1huga \u00e1 samstarfi vi\u00f0 H\u00e1sk\u00f3lak\u00f3rinn.<\/p>\n","protected":false},"excerpt":{"rendered":"<p>Uppt\u00f6kur H\u00e1sk\u00f3lak\u00f3rinn er \u00e1 Spotify: Spotify Profile H\u00e1sk\u00f3lak\u00f3rinn er \u00e1 Youtube: Youtube Page N\u00fdja platan okkar &#8222;Hrafnar&#8220;. Opna\u00f0u \u00ed Spotify e\u00f0a f\u00e1\u00f0u b\u00e6klinginn. Samstarfsverkefni ZveN og H\u00e1sk\u00f3lak\u00f3rinn: Divine Forces Ungf\u00f3n\u00eda og H\u00e1sk\u00f3lak\u00f3rinn: Gloria DAGADANA \u00e1 Listah\u00e1t\u00ed\u00f0 \u00ed Reykjav\u00edk Vi\u00f0 studdum p\u00f3lsk-\u00fakra\u00ednska d\u00faettinn DAGADANA, sem er \u00feekktur fyrir a\u00f0 setja n\u00fat\u00edmalegt \u00edvafi \u00e1 hef\u00f0bundna slavneska t\u00f3nlist. &hellip; <\/p>\n<p class=\"link-more\"><a href=\"https:\/\/kor.hi.is\/?page_id=1296\" class=\"more-link\">Lesa \u00e1fram<span class=\"screen-reader-text\"> &#8222;N\u00fdleg verk&#8220;<\/span><\/a><\/p>\n","protected":false},"author":84,"featured_media":0,"parent":0,"menu_order":0,"comment_status":"closed","ping_status":"closed","template":"","meta":{"footnotes":""},"class_list":["post-1296","page","type-page","status-publish","hentry"],"_links":{"self":[{"href":"https:\/\/kor.hi.is\/index.php?rest_route=\/wp\/v2\/pages\/1296","targetHints":{"allow":["GET"]}}],"collection":[{"href":"https:\/\/kor.hi.is\/index.php?rest_route=\/wp\/v2\/pages"}],"about":[{"href":"https:\/\/kor.hi.is\/index.php?rest_route=\/wp\/v2\/types\/page"}],"author":[{"embeddable":true,"href":"https:\/\/kor.hi.is\/index.php?rest_route=\/wp\/v2\/users\/84"}],"replies":[{"embeddable":true,"href":"https:\/\/kor.hi.is\/index.php?rest_route=%2Fwp%2Fv2%2Fcomments&post=1296"}],"version-history":[{"count":5,"href":"https:\/\/kor.hi.is\/index.php?rest_route=\/wp\/v2\/pages\/1296\/revisions"}],"predecessor-version":[{"id":1374,"href":"https:\/\/kor.hi.is\/index.php?rest_route=\/wp\/v2\/pages\/1296\/revisions\/1374"}],"wp:attachment":[{"href":"https:\/\/kor.hi.is\/index.php?rest_route=%2Fwp%2Fv2%2Fmedia&parent=1296"}],"curies":[{"name":"wp","href":"https:\/\/api.w.org\/{rel}","templated":true}]}}